{"id":15,"date":"2025-06-04T15:04:29","date_gmt":"2025-06-04T19:04:29","guid":{"rendered":"https:\/\/www.visezjuste.ca\/?page_id=15"},"modified":"2026-03-16T09:24:49","modified_gmt":"2026-03-16T13:24:49","slug":"accueil","status":"publish","type":"page","link":"https:\/\/www.visezjuste.ca\/","title":{"rendered":"Accueil"},"content":{"rendered":"\n<div class=\"simple-slider block-row mt-5\">\n  <div class=\"slides\">\n    <div class=\"slide active\">\n      <div class=\"image-wrapper\">\n        <img decoding=\"async\" src=\"https:\/\/www.visezjuste.ca\/wp-content\/uploads\/2025\/06\/sauver_de_l_argent.jpg\" class=\"w-100\" alt=\"Illustration d\u2019un homme courant hors d\u2019une maison en feu avec des sacs d\u2019argent \u00e0 la main. Une citation sur fond orange dit : \u00ab La maison partait en flammes, mais j\u2019ai sauv\u00e9 de l\u2019argent. \u00bb Le style est caricatural et humoristique, soulignant une ironie sur les priorit\u00e9s.\">\n      <\/div>\n      <div class=\"overlay-panel\">\n        <h2>D\u00e9couvrir les anglicismes<\/h2>\n        <p>Vivre en milieu bilingue (fran\u00e7ais et anglais) fait en sorte que  vous avez beaucoup plus de probabilit\u00e9s d\u2019utiliser des mots anglais, des traductions directes ou calques, des faux amis (mots semblables en fran\u00e7ais et en anglais, mais qui n\u2019ont pas le m\u00eame sens).<\/p>\n        <a href=\"https:\/\/www.visezjuste.ca\/index.php\/courses\/vocabulaire\/lessons\/les-anglicismes\/\" class=\"btn\">En savoir plus&#8230;<\/a>\n      <\/div>\n    <\/div>\n    <div class=\"slide\">\n      <div class=\"image-wrapper\">\n        <img decoding=\"async\" src=\"https:\/\/www.visezjuste.ca\/wp-content\/uploads\/2025\/06\/t_euphonique.png\" class=\"w-100\" alt=\"Image contenant plusieurs phrases en fran\u00e7ais illustrant l\u2019usage du \u201ct\u201d euphonique, comme \u201cMange-t-on du homard ce soir ?\u201d, \u201cA-t-il dit qu\u2019il acceptait notre offre ?\u201d et \u201cAjouta-t-elle\u201d. Le \u201ct\u201d ins\u00e9r\u00e9 est mis en \u00e9vidence visuellement dans chaque phrase.\">\n      <\/div>\n      <div class=\"overlay-panel\">\n        <h2>Le <em>t<\/em> euphonique<\/h2>\n        <p>Vous n\u2019avez peut-\u00eatre aucune id\u00e9e de ce qu\u2019est le <em>t<\/em> euphonique et pourtant, vous vous en servez et vous devez vous en servir. Ce <em>t<\/em> est celui qui appara\u00eet quand vous posez une question et que vous inversez le verbe et le sujet.<\/p>\n        <a href=\"https:\/\/www.visezjuste.ca\/index.php\/courses\/orthographe\/lessons\/le-t-euphonique-et-le-trait-dunion\/\" class=\"btn\">En savoir plus&#8230;<\/a>\n      <\/div>\n    <\/div>\n    <div class=\"slide\">\n      <div class=\"image-wrapper\">\n        <img decoding=\"async\" src=\"https:\/\/www.visezjuste.ca\/wp-content\/uploads\/2025\/06\/meme.jpg\" class=\"w-100\" alt=\"Image sur fond beige avec un d\u00e9grad\u00e9 sombre \u00e0 droite, montrant les mots \u201cM\u00caMES?\u201d et \u201cM\u00caME?\u201d en majuscules blanches avec des points d\u2019interrogation plus p\u00e2les, soulignant une interrogation sur la diff\u00e9rence ou l\u2019usage de ces deux formes\">\n      <\/div>\n      <div class=\"overlay-panel\">\n        <h2>Les ind\u00e9finis<\/h2>\n        <p>Les ind\u00e9finis comme <em>tout<\/em>, <em>m\u00eame<\/em>, <em>quelque<\/em> et <em>tel que<\/em> sont de petits mots qui nous causent bien des probl\u00e8mes. Vous avez appris leurs diverses r\u00e8gles \u00e0 l\u2019\u00e9cole, mais il y a peut-\u00eatre bien longtemps. Nous ferons un survol des principales r\u00e8gles pour vous y sensibiliser et aussi pour vous inciter \u00e0 les v\u00e9rifier si vous avez un doute.<\/p>\n        <a href=\"https:\/\/www.visezjuste.ca\/index.php\/courses\/grammaire\/lessons\/les-indefinis\/\" class=\"btn\">En savoir plus&#8230;<\/a>\n      <\/div>\n    <\/div>\n    <div class=\"slide\">\n      <div class=\"image-wrapper\">\n        <img decoding=\"async\" src=\"https:\/\/www.visezjuste.ca\/wp-content\/uploads\/2025\/06\/quiz.jpg\" class=\"w-100\" alt=\"Image avec le mot \u201cQUIZ\u201d en lettres majuscules blanches suivi de deux chevrons orient\u00e9s vers la droite. Le fond est jaune avec un d\u00e9grad\u00e9 vers le noir sur le c\u00f4t\u00e9 droit, \u00e9voquant un bouton ou une invitation \u00e0 commencer un quiz.\">\n      <\/div>\n      <div class=\"overlay-panel\">\n        <h2>Quiz<\/h2>\n        <p>Pour commencer \u00e0 explorer ce site, \u00e9valuez vos connaissances en fran\u00e7ais (notions de vocabulaire, grammaire et r\u00e9daction)!<\/p>\n        <a href=\"https:\/\/www.visezjuste.ca\/index.php\/courses\/vocabulaire\/lessons\/exercise\/\" class=\"btn\">Testez-vous!<\/a>\n      <\/div>\n    <\/div>\n    <!--<div class=\"slide\">\n      <div class=\"image-wrapper\">\n        <img decoding=\"async\" src=\"https:\/\/www.visezjuste.ca\/wp-content\/uploads\/2025\/06\/saviez-vous.jpg\" class=\"w-100\" alt=\"Image avec l\u2019expression \u201cSaviez-vous que\u2026\u201d en grandes lettres blanches sur un fond rouge qui s\u2019assombrit en noir \u00e0 droite. En arri\u00e8re-plan, on distingue un texte flou en fran\u00e7ais, faisant allusion \u00e0 des r\u00e8gles de grammaire ou de typographie, \u00e9voquant un fait ou conseil linguistique.\">\n      <\/div>\n      <div class=\"overlay-panel\">\n        <h2>Saviez vous que...<\/h2>\n        <p>Savez-vous comment \u00e9crire la date ou l\u2019heure en fran\u00e7ais? Laquelle de ces fa\u00e7ons choisiriez-vous : \u00ab Notre rendez-vous est vendredi, le 31&nbsp;ao\u00fbt 2011 \u00e0 1h00 p.m. \u00bb ou \u00ab Notre rendez-vous est le vendredi 31 ao\u00fbt 2011 \u00e0 13 h \u00bb?<\/p>\n        <a href=\"#\" class=\"btn\">Pour savoir la r\u00e9ponse et plus encore!<\/a>\n      <\/div>\n    <\/div>\n  <\/div>-->\n\n  <div class=\"slider-dots\"><\/div>\n<\/div>\n\n\n\n<h2 class=\"wp-block-heading mt-5 mb-4 block-row\">Nos sections<\/h2>\n\n\n\n<div class=\"wp-block-columns block-row mb-5 is-layout-flex wp-container-core-columns-is-layout-9d6595d7 wp-block-columns-is-layout-flex\">\n<div class=\"wp-block-column course-panel rounded-bottom has-white-background-color has-background is-layout-flow wp-block-column-is-layout-flow\">\n<h3 class=\"wp-block-heading p-4 rounded-top has-white-color has-text-color has-background has-link-color wp-elements-c6c85fa2c4c91bfd5e7dfd9964f6282d\" style=\"background-color:#119da4\">Vocabulaire<\/h3>\n\n\n\n<p class=\"p-4 has-medium-font-size\">Portez une attention particuli\u00e8re aux mots que vous utilisez, notamment aux anglicismes. Il y en a s\u00fbrement que vous ne connaissez pas!<br><br><a class=\"btn bg-teal text-white\" href=\"https:\/\/www.visezjuste.ca\/index.php\/courses\/vocabulaire\/\">Lire la suite&#8230;<\/a><\/p>\n<\/div>\n\n\n\n<div class=\"wp-block-column course-panel rounded-bottom has-white-background-color has-background is-layout-flow wp-block-column-is-layout-flow\">\n<h3 class=\"wp-block-heading p-4 rounded-top has-white-color has-text-color has-background has-link-color wp-elements-4e81f1ef3936c46384756774fd43a1e7\" style=\"background-color:#522e75\">Grammaire<\/h3>\n\n\n\n<p class=\"p-4 has-medium-font-size\">Rappelez-vous de quelques r\u00e8gles de grammaire qui sont simplifi\u00e9es et anim\u00e9es!<br><br><a class=\"btn bg-plum text-white\" href=\"https:\/\/www.visezjuste.ca\/index.php\/courses\/grammaire\/\" data-type=\"page\" data-id=\"19\">Lire la suite&#8230;<\/a><\/p>\n<\/div>\n\n\n\n<div class=\"wp-block-column course-panel rounded-bottom has-white-background-color has-background is-layout-flow wp-block-column-is-layout-flow\">\n<h3 class=\"wp-block-heading p-4 rounded-top has-white-color has-text-color has-background has-link-color wp-elements-2c1c97da63861c8eb0ec0c63f95cd572\" style=\"background-color:#e4572e\">R\u00e9daction<\/h3>\n\n\n\n<p class=\"p-4 has-medium-font-size\">R\u00e9visez quelques r\u00e8gles de base pour r\u00e9diger dans un style clair et simple. Exercices et mod\u00e8les inclus!<br><br><a class=\"btn bg-coral text-white\" href=\"https:\/\/www.visezjuste.ca\/index.php\/courses\/redaction\/\" data-type=\"page\" data-id=\"21\">Lire la suite&#8230;<\/a><\/p>\n<\/div>\n<\/div>\n\n\n\n<div class=\"wp-block-columns block-row mb-5 is-layout-flex wp-container-core-columns-is-layout-9d6595d7 wp-block-columns-is-layout-flex\">\n<div class=\"wp-block-column course-panel rounded-bottom has-white-background-color has-background is-layout-flow wp-block-column-is-layout-flow\" style=\"flex-basis:33.3%\">\n<h3 class=\"wp-block-heading p-4 rounded-top has-white-color has-text-color has-background has-link-color wp-elements-307bd457565ed47c65a04067ce8748ae\" style=\"background-color:#7da87b\">Fran\u00e7ais parl\u00e9<\/h3>\n\n\n\n<p class=\"p-4 has-medium-font-size\">\u00c9coutez des \u00e9tudiantes et des \u00e9tudiants parler de leur r\u00e9alit\u00e9 \u00e0 l\u2019universit\u00e9 en entrevue avec notre professeure de fran\u00e7ais.<br><br><a class=\"btn bg-sage text-white\" href=\"https:\/\/www.visezjuste.ca\/index.php\/courses\/francais-parle\/\" data-type=\"page\" data-id=\"23\">Lire la suite&#8230;<\/a><\/p>\n<\/div>\n\n\n\n<div class=\"wp-block-column course-panel rounded-bottom has-white-background-color has-background is-layout-flow wp-block-column-is-layout-flow\" style=\"flex-basis:33.3%\">\n<h3 class=\"wp-block-heading p-4 rounded-top has-white-color has-text-color has-background has-link-color wp-elements-ec1a6ec37b042afd47cb8d25eeb73093\" style=\"background-color:#ffc857\">Orthographe<\/h3>\n\n\n\n<p class=\"p-4 has-medium-font-size\">Pratiquez-vous avec l\u2019orthographe de certains mots. \u00c9galement, familiarisez-vous avec la nouvelle orthographe.<br><br><a class=\"btn bg-gold text-white\" href=\"https:\/\/www.visezjuste.ca\/index.php\/courses\/orthographe\/\" data-type=\"page\" data-id=\"25\">Lire la suite&#8230;<\/a><\/p>\n<\/div>\n\n\n\n<div class=\"wp-block-column is-layout-flow wp-block-column-is-layout-flow\" style=\"flex-basis:33.3%\"><\/div>\n<\/div>\n\n\n\n<div class=\"wp-block-columns is-layout-flex wp-container-core-columns-is-layout-9d6595d7 wp-block-columns-is-layout-flex\">\n<div class=\"wp-block-column is-layout-flow wp-block-column-is-layout-flow\">\n<div class=\"wp-block-group has-white-background-color has-background\"><div class=\"wp-block-group__inner-container is-layout-constrained wp-block-group-is-layout-constrained\">\n<div class=\"wp-block-columns block-row align-items-center has-white-background-color has-background is-layout-flex wp-container-core-columns-is-layout-9d6595d7 wp-block-columns-is-layout-flex\">\n<div class=\"wp-block-column is-layout-flow wp-block-column-is-layout-flow\" style=\"flex-basis:33.33%\">\n<figure class=\"wp-block-image size-large pt-5\"><img loading=\"lazy\" decoding=\"async\" width=\"1024\" height=\"683\" src=\"https:\/\/www.visezjuste.ca\/wp-content\/uploads\/2025\/06\/goals-1024x683.webp\" alt=\"Trois bulles color\u00e9es avec des points d\u2019interrogation\" class=\"wp-image-85\" srcset=\"https:\/\/www.visezjuste.ca\/wp-content\/uploads\/2025\/06\/goals-1024x683.webp 1024w, https:\/\/www.visezjuste.ca\/wp-content\/uploads\/2025\/06\/goals-300x200.webp 300w, https:\/\/www.visezjuste.ca\/wp-content\/uploads\/2025\/06\/goals-768x512.webp 768w, https:\/\/www.visezjuste.ca\/wp-content\/uploads\/2025\/06\/goals.webp 1536w\" sizes=\"auto, (max-width: 1024px) 100vw, 1024px\" \/><\/figure>\n<\/div>\n\n\n\n<div class=\"wp-block-column is-layout-flow wp-block-column-is-layout-flow\" style=\"flex-basis:66.66%\">\n<h2 class=\"wp-block-heading mt-5 mb-4\">Qu\u2019est-ce que ce site?<\/h2>\n\n\n\n<p class=\"has-medium-font-size\">Ce site vous propose d\u2019apprendre ou de r\u00e9viser quelques r\u00e8gles de fran\u00e7ais. Pour y arriver, consultez les explications et les exercices pr\u00e9sent\u00e9s sous divers formats (vid\u00e9os, audio, textes).<\/p>\n\n\n\n<p class=\"has-medium-font-size\">Plus pr\u00e9cis\u00e9ment, vous pourrez :<\/p>\n\n\n\n<ul class=\"wp-block-list mb-5 has-medium-font-size\">\n<li>Revoir certaines r\u00e8gles de grammaire, de r\u00e9daction et de vocabulaire;<\/li>\n\n\n\n<li>Reconna\u00eetre des expressions incorrectes et des anglicismes pour \u00eatre en mesure de les remplacer;<\/li>\n\n\n\n<li>Mettre en pratique les r\u00e8gles de base (grammaire et r\u00e9daction) en compl\u00e9tant des exercices interactifs.<\/li>\n<\/ul>\n<\/div>\n<\/div>\n<\/div><\/div>\n\n\n\n<div class=\"wp-block-group has-background\" style=\"background-color:#f2efed\"><div class=\"wp-block-group__inner-container is-layout-constrained wp-block-group-is-layout-constrained\">\n<div class=\"wp-block-columns block-row align-items-center is-layout-flex wp-container-core-columns-is-layout-9d6595d7 wp-block-columns-is-layout-flex\">\n<div class=\"wp-block-column is-layout-flow wp-block-column-is-layout-flow\" style=\"flex-basis:66.66%\">\n<h2 class=\"wp-block-heading mt-5 mb-4\">Pour qui?<\/h2>\n\n\n\n<p class=\"has-medium-font-size\">Ce site peut \u00eatre consult\u00e9 par toute personne qui cherche \u00e0 am\u00e9liorer son fran\u00e7ais parl\u00e9 et \u00e9crit. Il s\u2019adresse particuli\u00e8rement \u00e0 tous les membres de la communaut\u00e9 universitaire et aux francophones vivant dans un milieu bilingue. On invite les \u00e9tudiantes et les \u00e9tudiants du programme d\u2019immersion \u00e0 le consulter.<\/p>\n\n\n\n<p class=\"mb-5 has-medium-font-size\">Remarquez que ce site ne s&rsquo;adresse pas aux expertes et experts de la langue fran\u00e7aise.<\/p>\n<\/div>\n\n\n\n<div class=\"wp-block-column is-layout-flow wp-block-column-is-layout-flow\" style=\"flex-basis:33.33%\">\n<figure class=\"wp-block-image size-large pt-4\"><img loading=\"lazy\" decoding=\"async\" width=\"1024\" height=\"456\" src=\"https:\/\/www.visezjuste.ca\/wp-content\/uploads\/2025\/06\/group-1024x456.png\" alt=\"Groupe de personnes discutant avec des bulles color\u00e9es au-dessus de leur t\u00eate\" class=\"wp-image-115\" srcset=\"https:\/\/www.visezjuste.ca\/wp-content\/uploads\/2025\/06\/group-1024x456.png 1024w, https:\/\/www.visezjuste.ca\/wp-content\/uploads\/2025\/06\/group-300x134.png 300w, https:\/\/www.visezjuste.ca\/wp-content\/uploads\/2025\/06\/group-768x342.png 768w, https:\/\/www.visezjuste.ca\/wp-content\/uploads\/2025\/06\/group.png 1536w\" sizes=\"auto, (max-width: 1024px) 100vw, 1024px\" \/><\/figure>\n<\/div>\n<\/div>\n<\/div><\/div>\n<\/div>\n<\/div>\n\n\n\n<div class=\"wp-block-group pb-5 has-white-background-color has-background\"><div class=\"wp-block-group__inner-container is-layout-constrained wp-block-group-is-layout-constrained\">\n<div class=\"wp-block-columns block-row align-items-center has-white-background-color has-background is-layout-flex wp-container-core-columns-is-layout-9d6595d7 wp-block-columns-is-layout-flex\">\n<div class=\"wp-block-column is-layout-flow wp-block-column-is-layout-flow\" style=\"flex-basis:33.33%\">\n<figure class=\"wp-block-image size-large pt-5\"><img loading=\"lazy\" decoding=\"async\" width=\"1024\" height=\"683\" src=\"https:\/\/www.visezjuste.ca\/wp-content\/uploads\/2025\/06\/people-1024x683.webp\" alt=\"Illustration circulaire de personnes color\u00e9es se tenant par la main\" class=\"wp-image-118\" srcset=\"https:\/\/www.visezjuste.ca\/wp-content\/uploads\/2025\/06\/people-1024x683.webp 1024w, https:\/\/www.visezjuste.ca\/wp-content\/uploads\/2025\/06\/people-300x200.webp 300w, https:\/\/www.visezjuste.ca\/wp-content\/uploads\/2025\/06\/people-768x512.webp 768w, https:\/\/www.visezjuste.ca\/wp-content\/uploads\/2025\/06\/people.webp 1536w\" sizes=\"auto, (max-width: 1024px) 100vw, 1024px\" \/><\/figure>\n<\/div>\n\n\n\n<div class=\"wp-block-column is-layout-flow wp-block-column-is-layout-flow\" style=\"flex-basis:66.66%\">\n<h2 class=\"wp-block-heading mt-5 mb-4\">Qu\u2019est-ce qu\u2019il y a d\u2019unique?<\/h2>\n\n\n\n<p class=\"has-medium-font-size\">Les contenus ont \u00e9t\u00e9 con\u00e7us en fonction des besoins d&rsquo;apprentissage des francophones vivant en milieu bilingue. Nous utilisons une approche dynamique pour les pr\u00e9senter :<\/p>\n\n\n\n<ul class=\"wp-block-list mb-5 has-medium-font-size\">\n<li>Visionnez les vid\u00e9os! Certaines proviennent de notre professeure de fran\u00e7ais, d\u2019autres refl\u00e8tent le point de vue des \u00e9tudiantes et des \u00e9tudiants de l\u2019Universit\u00e9 d\u2019Ottawa.<\/li>\n\n\n\n<li>\u00c9coutez les \u00e9tudiantes et les \u00e9tudiants de l\u2019Universit\u00e9 r\u00e9pondre \u00e0 nos questions sur la langue fran\u00e7aise et s\u2019exprimer \u00e0 leur fa\u00e7on!<\/li>\n\n\n\n<li>\u00c9coutez notre experte commenter l\u2019utilisation de certains mots et expressions en fran\u00e7ais!<\/li>\n\n\n\n<li>Red\u00e9couvrez les r\u00e8gles de base en grammaire et en r\u00e9daction. Certaines sont anim\u00e9es, narr\u00e9es et simplifi\u00e9es.<\/li>\n\n\n\n<li>Portez une attention \u00e0 certaines prononciations lorsque vous parlez en fran\u00e7ais dans une situation officielle!<\/li>\n<\/ul>\n<\/div>\n<\/div>\n<\/div><\/div>\n","protected":false},"excerpt":{"rendered":"<p>D\u00e9couvrir les anglicismes Vivre en milieu bilingue (fran\u00e7ais et anglais) fait en sorte que vous avez beaucoup plus de probabilit\u00e9s [&#8230;]<\/p>\n<p><a class=\"btn btn-secondary understrap-read-more-link\" href=\"https:\/\/www.visezjuste.ca\/\">Lire la suite\u2026<span class=\"screen-reader-text\"> from Accueil<\/span><\/a><\/p>\n","protected":false},"author":1,"featured_media":0,"parent":0,"menu_order":0,"comment_status":"closed","ping_status":"closed","template":"page-templates\/empty.php","meta":{"footnotes":""},"class_list":["post-15","page","type-page","status-publish","hentry"],"_links":{"self":[{"href":"https:\/\/www.visezjuste.ca\/index.php\/wp-json\/wp\/v2\/pages\/15","targetHints":{"allow":["GET"]}}],"collection":[{"href":"https:\/\/www.visezjuste.ca\/index.php\/wp-json\/wp\/v2\/pages"}],"about":[{"href":"https:\/\/www.visezjuste.ca\/index.php\/wp-json\/wp\/v2\/types\/page"}],"author":[{"embeddable":true,"href":"https:\/\/www.visezjuste.ca\/index.php\/wp-json\/wp\/v2\/users\/1"}],"replies":[{"embeddable":true,"href":"https:\/\/www.visezjuste.ca\/index.php\/wp-json\/wp\/v2\/comments?post=15"}],"version-history":[{"count":80,"href":"https:\/\/www.visezjuste.ca\/index.php\/wp-json\/wp\/v2\/pages\/15\/revisions"}],"predecessor-version":[{"id":2313,"href":"https:\/\/www.visezjuste.ca\/index.php\/wp-json\/wp\/v2\/pages\/15\/revisions\/2313"}],"wp:attachment":[{"href":"https:\/\/www.visezjuste.ca\/index.php\/wp-json\/wp\/v2\/media?parent=15"}],"curies":[{"name":"wp","href":"https:\/\/api.w.org\/{rel}","templated":true}]}}